{"id":1807,"date":"2024-01-10T16:05:57","date_gmt":"2024-01-10T16:05:57","guid":{"rendered":"https:\/\/mkjcreations.fr\/?post_type=product&amp;p=1807"},"modified":"2024-01-10T16:05:57","modified_gmt":"2024-01-10T16:05:57","slug":"boucles-doreilles-floralyse-%f0%9f%8c%b8","status":"publish","type":"product","link":"https:\/\/dev.mkjcreations.fr\/?product=boucles-doreilles-floralyse-%f0%9f%8c%b8","title":{"rendered":"Boucles d&rsquo;oreilles Floralyse \ud83c\udf38"},"content":{"rendered":"<p>Boucles d&rsquo;oreilles Floralyse \ud83c\udf38<\/p>\n<p><strong>\u267b\ufe0f<\/strong><strong> L\u2019\u00e9crin<\/strong><\/p>\n<p>Votre commande sera pr\u00e9par\u00e9e avec le plus grand soin. Nous y apporterons une touche personnalis\u00e9e mais surtout, nous veillerons \u00e0 ce qu&rsquo;elle soit bien prot\u00e9g\u00e9e pendant le voyage (Papier bulle \/ Papier de soie \/ papier divers \/ Organza \/ Pochettes organza ou emballage carton selon la quantit\u00e9 de la commande demand\u00e9e). Le prix indiqu\u00e9 est garanti frais de port compris (FDPC) uniquement en France.<\/p>\n<p>\ud83e\uddfd <strong>Entretien et conseils Bijoux<\/strong><\/p>\n<p>Gardez vos bijoux dans un endroit sec et \u00e0 l&rsquo;abri de la lumi\u00e8re. \u00c9vitez tout contact avec l&rsquo;eau et produits \u00e0 base d&rsquo;alcool (parfum, alcool m\u00e9nager&#8230;). Un simple passage avec un chiffon doux est suffisant pour enlever les \u00e9ventuelles marques du temps ou poussi\u00e8res. Pensez \u00e0 retirer vos bijoux lors de la douche ou baignade, et durant la nuit. Vos bijoux seront donc utilisables \u00e0 vie si vous en prenez grand soin. Un bijou doit \u00eatre trait\u00e9 de mani\u00e8re d\u00e9licate.).<\/p>\n<p>\ud83d\udc8e <strong>Entretien et conseils R\u00e9sines \/ pl\u00e2tre<\/strong><\/p>\n<p><u>J\u2019utilise diff\u00e9rents types de mat\u00e9riaux comme<\/u>\u00a0:<\/p>\n<ul>\n<li>La r\u00e9sine Epoxy (r\u00e9siste int\u00e9rieur et ext\u00e9rieur, souvent pour les d\u00e9corations ou contenants)<\/li>\n<li>La r\u00e9sine UV (souvent pour les bijoux)<\/li>\n<li>La r\u00e9sine naturelle (pour l\u2019int\u00e9rieur)<\/li>\n<li>La r\u00e9sine alimentaire (pour les contenants en contact avec de l\u2019alimentation)<\/li>\n<li>Le pl\u00e2tre (pour fabriquer des d\u00e9corations ou des contenants)<\/li>\n<li>La Jesmonite<\/li>\n<\/ul>\n<p>Malgr\u00e9 la tenue dans le temps, le nettoyage au lave-vaisselle est d\u00e9conseill\u00e9, Il vous suffit de passer un linge sec ou tr\u00e8s peu humide pour le nettoyer.<\/p>\n<p><strong>\ud83d\udd0e<\/strong> <strong>Informations compl\u00e9mentaires<\/strong><\/p>\n<p>Les photographies des bijoux sont prises \u00e0 la lumi\u00e8re naturelle et\/ou avec ajout d&rsquo;une lumi\u00e8re sp\u00e9cialis\u00e9e pour les photographies de bijoux. Malgr\u00e9 le soin apport\u00e9 pour garder les couleurs les plus proches possible de la r\u00e9alit\u00e9, celles-ci peuvent varier l\u00e9g\u00e8rement avec la r\u00e9alit\u00e9 du produit. Certaines petites imperfections peuvent \u00eatre visibles sur le bijou mais n&rsquo;alt\u00e8rent en rien la qualit\u00e9 et l&rsquo;utilisation du bijou.<\/p>\n<p><strong>\ud83c\udfa8<\/strong><strong> Origine des mat\u00e9riaux utilis\u00e9s<\/strong><\/p>\n<p>P\u00e2tes polym\u00e8res : Gamme Cernit \/ Gamme Pr\u00e9mo Sculpey \/ Gamme Fimo<\/p>\n<p>R\u00e9sines : R\u00e9sine Epoxy \/ R\u00e9sine UV \/ R\u00e9sine alimentaire \/ R\u00e9sine naturelle \/ Pl\u00e2tre \/ Jesmonite<\/p>\n<p>Acier inoxydable argent \/ acier inoxydable or \/ Anneaux\u2026<\/p>\n<p><strong>\ud83d\udc96<\/strong> <strong>Cr\u00e9ation unique<\/strong> enti\u00e8rement r\u00e9alis\u00e9e \u00e0 la main, en France, dans les Haut-de-France. Les cr\u00e9ations en p\u00e2te polym\u00e8re ont \u00e9t\u00e9 cr\u00e9\u00e9es, ponc\u00e9es et lustr\u00e9es par mes soins. Le montage est \u00e9galement r\u00e9alis\u00e9 dans l\u2019atelier.<\/p>\n","protected":false},"excerpt":{"rendered":"<ul>\n<li>Couleurs : Vert, blanc, noir, rose<\/li>\n<li>Hauteur : 4cm<\/li>\n<li>Largeur : 3cm<\/li>\n<li>Mati\u00e8res : Polym\u00e8re, R\u00e9sine, Acier Inoxidable Argent<\/li>\n<\/ul>\n","protected":false},"featured_media":2000,"comment_status":"closed","ping_status":"closed","template":"","meta":[],"product_cat":[22,35],"product_tag":[21,23,62,45,26,64,28,30,31,33],"class_list":{"0":"post-1807","1":"product","2":"type-product","3":"status-publish","4":"has-post-thumbnail","6":"product_cat-bijoux-artisanaux-de-createur","7":"product_cat-boucles-doreilles","8":"product_tag-artisanal","9":"product_tag-bijoux","10":"product_tag-bijoux-fantaisie","11":"product_tag-createur","12":"product_tag-fait-main","13":"product_tag-fait-maison","14":"product_tag-hand-made","15":"product_tag-mkjcreations","16":"product_tag-polymere","17":"product_tag-resine","19":"first","20":"instock","21":"shipping-taxable","22":"purchasable","23":"product-type-simple"},"_links":{"self":[{"href":"https:\/\/dev.mkjcreations.fr\/index.php?rest_route=\/wp\/v2\/product\/1807","targetHints":{"allow":["GET"]}}],"collection":[{"href":"https:\/\/dev.mkjcreations.fr\/index.php?rest_route=\/wp\/v2\/product"}],"about":[{"href":"https:\/\/dev.mkjcreations.fr\/index.php?rest_route=\/wp\/v2\/types\/product"}],"replies":[{"embeddable":true,"href":"https:\/\/dev.mkjcreations.fr\/index.php?rest_route=%2Fwp%2Fv2%2Fcomments&post=1807"}],"wp:featuredmedia":[{"embeddable":true,"href":"https:\/\/dev.mkjcreations.fr\/index.php?rest_route=\/wp\/v2\/media\/2000"}],"wp:attachment":[{"href":"https:\/\/dev.mkjcreations.fr\/index.php?rest_route=%2Fwp%2Fv2%2Fmedia&parent=1807"}],"wp:term":[{"taxonomy":"product_cat","embeddable":true,"href":"https:\/\/dev.mkjcreations.fr\/index.php?rest_route=%2Fwp%2Fv2%2Fproduct_cat&post=1807"},{"taxonomy":"product_tag","embeddable":true,"href":"https:\/\/dev.mkjcreations.fr\/index.php?rest_route=%2Fwp%2Fv2%2Fproduct_tag&post=1807"}],"curies":[{"name":"wp","href":"https:\/\/api.w.org\/{rel}","templated":true}]}}